{"id":97,"date":"2021-09-04T15:53:20","date_gmt":"2021-09-04T15:53:20","guid":{"rendered":"https:\/\/osteopata-lauriane.com\/?page_id=97"},"modified":"2023-10-04T08:20:38","modified_gmt":"2023-10-04T08:20:38","slug":"nutrizione","status":"publish","type":"page","link":"https:\/\/osteopata-lauriane.com\/?page_id=97","title":{"rendered":"Nutrizionista"},"content":{"rendered":"\n<p>\ud83e\udd55<strong>Dott.ssa Arianna Mandelli <\/strong><\/p>\n\n\n<div class=\"wp-block-image\">\n<figure class=\"aligncenter size-full is-resized\"><img data-recalc-dims=\"1\" loading=\"lazy\" decoding=\"async\" src=\"https:\/\/i0.wp.com\/osteopata-lauriane.com\/wp-content\/uploads\/2021\/11\/nutri.png?resize=498%2C361&#038;ssl=1\" alt=\"\" class=\"wp-image-227\" style=\"width:498px;height:361px\" width=\"498\" height=\"361\" srcset=\"https:\/\/i0.wp.com\/osteopata-lauriane.com\/wp-content\/uploads\/2021\/11\/nutri.png?w=932&amp;ssl=1 932w, https:\/\/i0.wp.com\/osteopata-lauriane.com\/wp-content\/uploads\/2021\/11\/nutri.png?resize=300%2C218&amp;ssl=1 300w, https:\/\/i0.wp.com\/osteopata-lauriane.com\/wp-content\/uploads\/2021\/11\/nutri.png?resize=768%2C557&amp;ssl=1 768w\" sizes=\"auto, (max-width: 498px) 100vw, 498px\" \/><\/figure>\n<\/div>\n\n\n<p><\/p>\n\n\n\n<p><strong>Perch\u00e9 andare dal nutrizionista?<\/strong><\/p>\n\n\n\n<ul class=\"wp-block-list\">\n<li><strong>Per perdere peso <\/strong>in caso di comprovata necessit\u00e0<\/li>\n\n\n\n<li><strong>Per aumentare di peso<\/strong><\/li>\n\n\n\n<li><strong>Per migliorare la propria composizione corporea<\/strong>, aumentando la massa muscolare e riducendo la massa grassa<\/li>\n\n\n\n<li>Per effettuare un <strong>percorso di educazione alimentare<\/strong>, imparando a&nbsp;conoscere ci\u00f2 che mangia e a comporre dei pasti nutrizionalmente bilanciati<\/li>\n\n\n\n<li>Per <strong>esigenze specifiche<\/strong> quali: ipercolesterolemia, reflusso gastrico, gonfiore addominale, stipsi\/diarrea, intestino irritabile, diabete, ipertensione, celiachia, intolleranze alimentari\u2026<\/li>\n\n\n\n<li>Per <strong>associare una dieta adeguata all\u2019attivit\u00e0<\/strong> <strong>fisica<\/strong> svolta<\/li>\n\n\n\n<li>Per bilanciare al meglio una <strong>dieta vegetariana o vegana<\/strong><\/li>\n<\/ul>\n\n\n\n<p>Come si svolge una visita dal nutrizionista?<\/p>\n\n\n\n<p>La visita prevede:<\/p>\n\n\n\n<ul class=\"wp-block-list\">\n<li><strong>Anamnesi delle patologie <\/strong>della famiglia e del paziente<\/li>\n\n\n\n<li>Raccolta di informazioni sulla storia del&nbsp;<strong>peso del paziente<\/strong><\/li>\n\n\n\n<li>Rilevamentodei dati antropometrici: <strong>altezza, peso, circonferenze, BMI<\/strong>&nbsp;(Indice di massa corporea)<\/li>\n\n\n\n<li><strong>Bioimpedenziometria <\/strong>o<strong> pliche corporee<\/strong><\/li>\n\n\n\n<li><strong>Anamnesi nutrizionale<\/strong>: valutazione delle&nbsp;abitudini alimentari e dello stile di vita del paziente<\/li>\n\n\n\n<li><strong>Anamnesi dell\u2019attivit\u00e0 fisica e\/o sportiva<\/strong><\/li>\n<\/ul>\n\n\n\n<p>La Dott.ssa Arianna Mandelli si \u00e8 laureata in Biotecnologie Mediche presso l\u2019Universit\u00e0 degli Studi di Milano e si \u00e8 successivamente laureata in Alimentazione e Nutrizione Umana presso il medesimo ateneo, ottenendo nuovamente il massimo dei voti. Ha successivamente seguito un corso di formazione post-laurea presso la Scuola di Nutrizione Salernitana e ad oggi prosegue l\u2019aggiornamento professionale seguendo seminari e corsi di perfezionamento. Al momento sta frequentando un master di ricerca in collaborazione con la Victoria University di Melbourne.<\/p>\n\n\n\n<p>La dott.ssa Mandelli si interessa particolarmente di alimentazione dedicata alla donne ed alla risoluzione di problematiche intestinali e nutrizione sportiva.<\/p>\n\n\n\n<p><\/p>\n\n\n\n<p>Contatti:<\/p>\n\n\n\n<p>\u260e +39 3400614789<\/p>\n\n\n\n<p>IG: <a href=\"https:\/\/instagram.com\/nutritional.vibes?utm_medium=copy_link\">https:\/\/instagram.com\/nutritional.vibes?utm_medium=copy_link<\/a><\/p>\n\n\n\n<p>\ud83d\udce9 <a href=\"mailto:nutrizionista.mandelli@gmail.com\">nutrizionista.mandelli@gmail.com<\/a><\/p>\n\n\n\n<p class=\"has-text-align-left\">\ud83d\udccd Trovate la dott.ssa Arianna Mandelli presso i suoi studi che trovate qui: \ud83d\udef0 <a href=\"http:\/\/www.ariannamandelli.com\/\">www.ariannamandelli.com<\/a><\/p>\n\n\n\n<p><\/p>\n\n\n\n<p><\/p>\n\n\n\n<p>\ud83e\udd55 <strong>Dott.ssa Serenella Cavinato <\/strong><\/p>\n\n\n<div class=\"wp-block-image\">\n<figure class=\"aligncenter size-full\"><img data-recalc-dims=\"1\" loading=\"lazy\" decoding=\"async\" width=\"274\" height=\"298\" src=\"https:\/\/i0.wp.com\/osteopata-lauriane.com\/wp-content\/uploads\/2022\/01\/image.png?resize=274%2C298&#038;ssl=1\" alt=\"\" class=\"wp-image-449\"\/><\/figure>\n<\/div>\n\n\n<p><\/p>\n\n\n\n<p><strong>NUTRIZIONE E BENESSERE: ALIMENTARSI CORRETTAMENTE E\u2019 IL PRIMO PASSO VERSO IL RECUPERO DELLA SALUTE<\/strong><\/p>\n\n\n\n<p>Mi sono laureata in Scienze Biologiche e Neurobiologia presso l\u2019Universit\u00e0 di Pavia e ha conseguito successivamente un Master in Nutrizione Umana. Ho frequentato un tirocinio pratico in campo oncologico, passione che porto avanti fin dai tempi universitari e ho lavorato per alcuni anni principalmente con pazienti affetti da patologie oncologiche.<\/p>\n\n\n\n<p>Seguo pazienti con dieta veg (vegana e vegetariana) in quanto sono socia dal 2015 della Societ\u00e0 Scientifica di Nutrizione Vegetariana SSNV e di Rete Famiglie Veg, una rete di professionisti sanitari che si occupano di seguire le famiglie o neofamiglie che si approcciano all\u2019alimentazione a base veg.<\/p>\n\n\n\n<p>In generale aiuto le persone:<\/p>\n\n\n\n<ul class=\"wp-block-list\">\n<li>nella perdita di peso<\/li>\n\n\n\n<li>donne in gravidanza e in allattamento<\/li>\n\n\n\n<li>svezzamento classico, veg<\/li>\n\n\n\n<li>ipercolesterolemia e ipertrigliceridemia<\/li>\n\n\n\n<li>diabete e iperglicemia<\/li>\n\n\n\n<li>malattie autoimmuni<\/li>\n\n\n\n<li>patologie acute o croniche<\/li>\n\n\n\n<li>disturbi dell\u2019apparato gastrointestinale<\/li>\n\n\n\n<li>patologie oncologiche<\/li>\n<\/ul>\n\n\n\n<p>Le visite constano di una prima visita nutrizionale in cui si delinea il percorso nutrizionale pi\u00f9 idoneo per il paziente. A seconda delle necessit\u00e0 saranno fissati incontri successivi (di controllo) a distanza di un mese circa (o comunque variabile da situazione a situazione). Durante gli incontri conoscer\u00f2 il paziente e la famiglia (se ad esempio si tratta di bambini), far\u00f2 l\u2019anamnesi, prender\u00f2 i parametri antropometrici necessari (altezza, peso, circonferenze \u2013 per questo dispongo di una bilancia bioimpedenziomentrica utile ad esempio se si tratta di anziani e sportivi o di persone che devono perdere peso) e mi far\u00f2 raccontare le loro abitudini alimentari. Dar\u00f2 immediatamente le prime indicazioni sommarie. In un secondo momento, entro circa una settimana, invier\u00f2 il piano alimentare creato ad hoc per il paziente.<\/p>\n\n\n\n<p><\/p>\n\n\n\n<p>Contatti:<\/p>\n\n\n\n<p>\u260e +39 3297476069<\/p>\n\n\n\n<p>\ud83d\udce9 <a href=\"mailto:cavinato.nutrizionista@gmail.com\">cavinato.nutrizionista@gmail.com<\/a><\/p>\n\n\n\n<p>\ud83d\udef0<a href=\"https:\/\/www.nutrizionistacavinato.it\/\"> www.nutrizionistacavinato.it<\/a><\/p>\n\n\n\n<p><\/p>\n","protected":false},"excerpt":{"rendered":"<p>\ud83e\udd55Dott.ssa Arianna Mandelli Perch\u00e9 andare dal nutrizionista? Come si svolge una visita dal nutrizionista? La visita prevede: La Dott.ssa Arianna Mandelli si \u00e8 laureata in Biotecnologie Mediche presso l\u2019Universit\u00e0 degli Studi di Milano e si \u00e8 successivamente laureata in Alimentazione e Nutrizione Umana presso il medesimo ateneo, ottenendo nuovamente il massimo dei voti. Ha successivamente&hellip; <a class=\"more-link\" href=\"https:\/\/osteopata-lauriane.com\/?page_id=97\">Continua a leggere <span class=\"screen-reader-text\">Nutrizionista<\/span><\/a><\/p>\n","protected":false},"author":1,"featured_media":0,"parent":88,"menu_order":0,"comment_status":"closed","ping_status":"closed","template":"","meta":{"advanced_seo_description":"","jetpack_seo_html_title":"","jetpack_seo_noindex":false,"footnotes":""},"class_list":["post-97","page","type-page","status-publish","hentry","entry"],"jetpack-related-posts":[{"id":329,"url":"https:\/\/osteopata-lauriane.com\/?page_id=329","url_meta":{"origin":97,"position":0},"title":"Qualche curiosit\u00e0 sulla lingua, sulla deglutizione e sul russamento &#038; Esercizi","author":"admin","date":"Novembre 1, 2021","format":false,"excerpt":"In campo medico si d\u00e0 molta importanza al monitoraggio di un piccolo organo, ma molto importante: la LINGUA. Si osserva il suo colore, la sua forma, la secchezza, il gonfiore. Il medico o lo specialista, in seguito, pu\u00f2 decidere di approfondire con esami specifici in base a cosa \u201cvede e\u2026","rel":"","context":"Articolo simile","block_context":{"text":"Articolo simile","link":""},"img":{"alt_text":"","src":"https:\/\/i0.wp.com\/osteopata-lauriane.com\/wp-content\/uploads\/2021\/11\/image-11.png?resize=350%2C200&ssl=1","width":350,"height":200,"srcset":"https:\/\/i0.wp.com\/osteopata-lauriane.com\/wp-content\/uploads\/2021\/11\/image-11.png?resize=350%2C200&ssl=1 1x, https:\/\/i0.wp.com\/osteopata-lauriane.com\/wp-content\/uploads\/2021\/11\/image-11.png?resize=525%2C300&ssl=1 1.5x"},"classes":[]},{"id":855,"url":"https:\/\/osteopata-lauriane.com\/?page_id=855","url_meta":{"origin":97,"position":1},"title":"Lo sviluppo di B\u00e9b\u00e9&#8230; le tappe, passo per passo &amp; qualche consiglio","author":"admin","date":"Ottobre 4, 2023","format":false,"excerpt":"ETA'ACQUISIZIONIMOTRICIATTIVITA' MANUALELINGUAGGIORELAZIONI1 MeseBaricentro in zonatesta-collo; tiene il sederein alto;Sedutosolleva la testaogni tanto;B\u00e9b\u00e9 tiene una posturavariabile, incerta easimmetricaStringe le ditacon la sua manoFa dei versettiFissa il suo sguardo su un obiettivo di 20 cm6 SettimaneA pancia in gi\u00f9pu\u00f2 sollevare la testaA pancia in sucomincia ad aprirele maniSegue un oggetto con lo\u2026","rel":"","context":"Articolo simile","block_context":{"text":"Articolo simile","link":""},"img":{"alt_text":"","src":"https:\/\/i0.wp.com\/osteopata-lauriane.com\/wp-content\/uploads\/2023\/10\/Immagine-WhatsApp-2023-10-04-ore-21.46.01_518afe01.jpg?resize=350%2C200&ssl=1","width":350,"height":200,"srcset":"https:\/\/i0.wp.com\/osteopata-lauriane.com\/wp-content\/uploads\/2023\/10\/Immagine-WhatsApp-2023-10-04-ore-21.46.01_518afe01.jpg?resize=350%2C200&ssl=1 1x, https:\/\/i0.wp.com\/osteopata-lauriane.com\/wp-content\/uploads\/2023\/10\/Immagine-WhatsApp-2023-10-04-ore-21.46.01_518afe01.jpg?resize=525%2C300&ssl=1 1.5x, https:\/\/i0.wp.com\/osteopata-lauriane.com\/wp-content\/uploads\/2023\/10\/Immagine-WhatsApp-2023-10-04-ore-21.46.01_518afe01.jpg?resize=700%2C400&ssl=1 2x"},"classes":[]}],"jetpack_sharing_enabled":true,"_links":{"self":[{"href":"https:\/\/osteopata-lauriane.com\/index.php?rest_route=\/wp\/v2\/pages\/97","targetHints":{"allow":["GET"]}}],"collection":[{"href":"https:\/\/osteopata-lauriane.com\/index.php?rest_route=\/wp\/v2\/pages"}],"about":[{"href":"https:\/\/osteopata-lauriane.com\/index.php?rest_route=\/wp\/v2\/types\/page"}],"author":[{"embeddable":true,"href":"https:\/\/osteopata-lauriane.com\/index.php?rest_route=\/wp\/v2\/users\/1"}],"replies":[{"embeddable":true,"href":"https:\/\/osteopata-lauriane.com\/index.php?rest_route=%2Fwp%2Fv2%2Fcomments&post=97"}],"version-history":[{"count":14,"href":"https:\/\/osteopata-lauriane.com\/index.php?rest_route=\/wp\/v2\/pages\/97\/revisions"}],"predecessor-version":[{"id":843,"href":"https:\/\/osteopata-lauriane.com\/index.php?rest_route=\/wp\/v2\/pages\/97\/revisions\/843"}],"up":[{"embeddable":true,"href":"https:\/\/osteopata-lauriane.com\/index.php?rest_route=\/wp\/v2\/pages\/88"}],"wp:attachment":[{"href":"https:\/\/osteopata-lauriane.com\/index.php?rest_route=%2Fwp%2Fv2%2Fmedia&parent=97"}],"curies":[{"name":"wp","href":"https:\/\/api.w.org\/{rel}","templated":true}]}}