{"id":753,"date":"2023-08-27T10:28:17","date_gmt":"2023-08-27T10:28:17","guid":{"rendered":"https:\/\/osteopata-lauriane.com\/?page_id=753"},"modified":"2023-08-28T08:22:42","modified_gmt":"2023-08-28T08:22:42","slug":"venerdi-con-osteo-psy","status":"publish","type":"page","link":"https:\/\/osteopata-lauriane.com\/?page_id=753","title":{"rendered":"Venerd\u00ec con Osteo-Psy"},"content":{"rendered":"\n<figure class=\"wp-block-image size-full\"><img data-recalc-dims=\"1\" loading=\"lazy\" decoding=\"async\" width=\"735\" height=\"730\" src=\"https:\/\/i0.wp.com\/osteopata-lauriane.com\/wp-content\/uploads\/2023\/08\/Osteo-Psy.jpg?resize=735%2C730&#038;ssl=1\" alt=\"\" class=\"wp-image-754\" srcset=\"https:\/\/i0.wp.com\/osteopata-lauriane.com\/wp-content\/uploads\/2023\/08\/Osteo-Psy.jpg?w=735&amp;ssl=1 735w, https:\/\/i0.wp.com\/osteopata-lauriane.com\/wp-content\/uploads\/2023\/08\/Osteo-Psy.jpg?resize=300%2C298&amp;ssl=1 300w, https:\/\/i0.wp.com\/osteopata-lauriane.com\/wp-content\/uploads\/2023\/08\/Osteo-Psy.jpg?resize=150%2C150&amp;ssl=1 150w\" sizes=\"auto, (max-width: 735px) 100vw, 735px\" \/><\/figure>\n\n\n\n<p>Vi presento Osteo-Psy un nuovo spazio dedicato a voi \ud83e\udef6\ud83c\udffc\ud83e\udeb7<\/p>\n\n\n\n<p>Durante la seduta di osteopatia, una psicoterapeuta vi Ascolter\u00e0 e vi Guider\u00e0 verso il rilascio di tensioni che impediscono al vostro corpo di stare meglio. Nel frattempo mi prender\u00f2 cura di voi con un approccio dolce e delicato. Si agir\u00e0 contemporaneamente (da qui osteo-psy) sia sulle <strong>emozioni<\/strong> sia sul <strong>corpo<\/strong>, che cambia mentre parlate la psicoterapeuta, per togliere i nodi che causano sofferenza e <strong>dolori PSICOSOMATICI<\/strong>. <\/p>\n\n\n\n<p>\ud83e\udeb7 Perch\u00e9?<br>Per darvi un sostegno maggiore, chiavi di lettura che vi aiuteranno ad affrontare lo stress e l&#8217;ansia sia su un piano fisico (con l&#8217;osteopatia), sia emotivo (con lo psicoterapeuta)<\/p>\n\n\n\n<p>\ud83e\udeb7 Quando?<br>Solo su appuntamento, qualche&nbsp;venerd\u00ec&nbsp;<\/p>\n\n\n\n<p><strong>Fridays with Osteo-Psy<\/strong><\/p>\n\n\n\n<p>Meet Osteo-Psy a new space dedicated to you \ud83e\udef6\ud83c\udffc\ud83e\udeb7<\/p>\n\n\n\n<p>During the osteopathy session, a psychotherapist will listen to you and guide you towards releasing tensions that prevent your body from feeling better. In the meantime, I will take care of you with a gentle and delicate approach. We will act simultaneously (hence osteo-psy) on both your <strong>emotions<\/strong> and your <strong>body<\/strong>, which changes as you talk to the psychotherapist, to remove the knots that cause <strong>PSYCHOSOMATIC suffering and pain<\/strong>.<\/p>\n\n\n\n<p>\ud83e\udeb7 Why?<br>To give you greater support, keys that will help you deal with stress and anxiety on both a physical (with osteopathy) and emotional (with the psychotherapist) level<\/p>\n\n\n\n<p>\ud83e\udeb7 When?<br>By appointment only, some Fridays<\/p>\n","protected":false},"excerpt":{"rendered":"<p>Vi presento Osteo-Psy un nuovo spazio dedicato a voi \ud83e\udef6\ud83c\udffc\ud83e\udeb7 Durante la seduta di osteopatia, una psicoterapeuta vi Ascolter\u00e0 e vi Guider\u00e0 verso il rilascio di tensioni che impediscono al vostro corpo di stare meglio. Nel frattempo mi prender\u00f2 cura di voi con un approccio dolce e delicato. Si agir\u00e0 contemporaneamente (da qui osteo-psy) sia&hellip; <a class=\"more-link\" href=\"https:\/\/osteopata-lauriane.com\/?page_id=753\">Continua a leggere <span class=\"screen-reader-text\">Venerd\u00ec con Osteo-Psy<\/span><\/a><\/p>\n","protected":false},"author":1,"featured_media":0,"parent":0,"menu_order":0,"comment_status":"closed","ping_status":"closed","template":"","meta":{"advanced_seo_description":"","jetpack_seo_html_title":"","jetpack_seo_noindex":false,"footnotes":""},"class_list":["post-753","page","type-page","status-publish","hentry","entry"],"jetpack-related-posts":[{"id":101,"url":"https:\/\/osteopata-lauriane.com\/?page_id=101","url_meta":{"origin":753,"position":0},"title":"Psicologa,  Psicoterapeuta &#038; Mindfulness","author":"admin","date":"Settembre 4, 2021","format":false,"excerpt":"\ud83c\udf3a Dott.ssa Martina Veglio Psicologa-psicoterapeuta lavora come libero professionista in ambito clinico. Collabora con le scuole elementari proponendo laboratori sulle emozioni e laboratori di yoga. Per passione infatti dopo la laurea in psicologia consegue un diploma come insegnante di yoga e di mindfulness. Crede profondamente che l'integrazione tra psicologia yoga\u2026","rel":"","context":"Articolo simile","block_context":{"text":"Articolo simile","link":""},"img":{"alt_text":"","src":"https:\/\/i0.wp.com\/osteopata-lauriane.com\/wp-content\/uploads\/2021\/11\/dabini.jpg?resize=350%2C200&ssl=1","width":350,"height":200,"srcset":"https:\/\/i0.wp.com\/osteopata-lauriane.com\/wp-content\/uploads\/2021\/11\/dabini.jpg?resize=350%2C200&ssl=1 1x, https:\/\/i0.wp.com\/osteopata-lauriane.com\/wp-content\/uploads\/2021\/11\/dabini.jpg?resize=525%2C300&ssl=1 1.5x"},"classes":[]},{"id":268,"url":"https:\/\/osteopata-lauriane.com\/?page_id=268","url_meta":{"origin":753,"position":1},"title":"Perch\u00e9 andare dall\u2019osteopata?","author":"admin","date":"Novembre 1, 2021","format":false,"excerpt":"L\u2019osteopata: un collegamento olistico per la salute L\u2019osteopata non agisce in isolamento, ma unisce i punti di un disegno pi\u00f9 grande: quello del benessere globale della persona. Non si sostituisce ad altre professioni \u2014 mediche, terapeutiche o alternative (come l\u2019ayurveda) \u2014 le potenzia, creando una sinergia che va oltre il\u2026","rel":"","context":"Articolo simile","block_context":{"text":"Articolo simile","link":""},"img":{"alt_text":"","src":"","width":0,"height":0},"classes":[]},{"id":91,"url":"https:\/\/osteopata-lauriane.com\/?page_id=91","url_meta":{"origin":753,"position":2},"title":"Biorisonanza","author":"admin","date":"Settembre 4, 2021","format":false,"excerpt":"Ing. Federica Servidei Cosa succede quando l\u2019Osteopata incontra\u00a0: la Biorisonanza ? Vorremmo portarvi a scoprire una nuova dinamica di lavoro, che ha l\u2019intenzione di fare PREVENZIONE, di SOSTENERE trattando l\u2019individuo nella sua interezza, con due strumenti sinergiche che agiscono sul benessere della persona a 360\u00b0. L\u2019osteopatia sblocca i canali, attraverso\u2026","rel":"","context":"Articolo simile","block_context":{"text":"Articolo simile","link":""},"img":{"alt_text":"","src":"https:\/\/i0.wp.com\/osteopata-lauriane.com\/wp-content\/uploads\/2021\/09\/Fede-Servidei.jpg?resize=350%2C200&ssl=1","width":350,"height":200},"classes":[]},{"id":6,"url":"https:\/\/osteopata-lauriane.com\/","url_meta":{"origin":753,"position":3},"title":"Hello!  \ud83c\udf3f","author":"admin","date":"Aprile 25, 2021","format":false,"excerpt":"Benvenuti a tutti sulla mia pagina Mi chiamo Lauriane (pronunciato Lorian) sono Osteopata per vocazione \ud83c\udf38 e sono una persona con un Alta Sensibilit\u00e0 (PAS \ud83c\udf43) Mi piace prendermi cura della Persona intesa come una unit\u00e0 funzionale da mantenere in equilibrio tra corpo-mente-spirito. Per farlo mi affido alla mia esperienza\u2026","rel":"","context":"Articolo simile","block_context":{"text":"Articolo simile","link":""},"img":{"alt_text":"","src":"https:\/\/i0.wp.com\/osteopata-lauriane.com\/wp-content\/uploads\/2023\/10\/Immagine-WhatsApp-2023-10-05-ore-07.31.48_882251fb.jpg?resize=350%2C200&ssl=1","width":350,"height":200,"srcset":"https:\/\/i0.wp.com\/osteopata-lauriane.com\/wp-content\/uploads\/2023\/10\/Immagine-WhatsApp-2023-10-05-ore-07.31.48_882251fb.jpg?resize=350%2C200&ssl=1 1x, https:\/\/i0.wp.com\/osteopata-lauriane.com\/wp-content\/uploads\/2023\/10\/Immagine-WhatsApp-2023-10-05-ore-07.31.48_882251fb.jpg?resize=525%2C300&ssl=1 1.5x, https:\/\/i0.wp.com\/osteopata-lauriane.com\/wp-content\/uploads\/2023\/10\/Immagine-WhatsApp-2023-10-05-ore-07.31.48_882251fb.jpg?resize=700%2C400&ssl=1 2x, https:\/\/i0.wp.com\/osteopata-lauriane.com\/wp-content\/uploads\/2023\/10\/Immagine-WhatsApp-2023-10-05-ore-07.31.48_882251fb.jpg?resize=1050%2C600&ssl=1 3x, https:\/\/i0.wp.com\/osteopata-lauriane.com\/wp-content\/uploads\/2023\/10\/Immagine-WhatsApp-2023-10-05-ore-07.31.48_882251fb.jpg?resize=1400%2C800&ssl=1 4x"},"classes":[]},{"id":265,"url":"https:\/\/osteopata-lauriane.com\/?page_id=265","url_meta":{"origin":753,"position":4},"title":"Chi pu\u00f2 recarsi dall&#8217; osteopata?","author":"admin","date":"Novembre 1, 2021","format":false,"excerpt":"L\u2019osteopatia per tutti: un approccio olistico alla salute L\u2019osteopatia \u00e8 rivolta a tutte le persone, indipendentemente dall\u2019et\u00e0 o dalla condizione fisica: Donne in gravidanza, Neonati, Sportivi, Persone anziane, Pazienti oncologici, Persone con disturbi neurologici. Perch\u00e9?Perch\u00e9 l\u2019osteopata non si occupa della malattia, ma sostiene la salute: la sua missione \u00e8 potenziare\u2026","rel":"","context":"Articolo simile","block_context":{"text":"Articolo simile","link":""},"img":{"alt_text":"","src":"","width":0,"height":0},"classes":[]},{"id":1070,"url":"https:\/\/osteopata-lauriane.com\/?page_id=1070","url_meta":{"origin":753,"position":5},"title":"Consigli Utili","author":"admin","date":"Marzo 6, 2026","format":false,"excerpt":"Consigli Osteopatici per la vita quotidiana: Autotrattamento e Prevenzione a costo zeroScopri come prenderti cura del tuo corpo ogni giorno, senza spendere nulla. In questa sezione, condivido tecniche di autotrattamento osteopatico, ispirate anche ai principi della polivagal therapy e della bioenergetica, per aiutarti a prevenire dolori, migliorare la postura e\u2026","rel":"","context":"Articolo simile","block_context":{"text":"Articolo simile","link":""},"img":{"alt_text":"","src":"https:\/\/i0.wp.com\/osteopata-lauriane.com\/wp-content\/uploads\/2026\/03\/WhatsApp-Image-2026-03-06-at-10.39.47.jpeg?resize=350%2C200&ssl=1","width":350,"height":200},"classes":[]}],"jetpack_sharing_enabled":true,"_links":{"self":[{"href":"https:\/\/osteopata-lauriane.com\/index.php?rest_route=\/wp\/v2\/pages\/753","targetHints":{"allow":["GET"]}}],"collection":[{"href":"https:\/\/osteopata-lauriane.com\/index.php?rest_route=\/wp\/v2\/pages"}],"about":[{"href":"https:\/\/osteopata-lauriane.com\/index.php?rest_route=\/wp\/v2\/types\/page"}],"author":[{"embeddable":true,"href":"https:\/\/osteopata-lauriane.com\/index.php?rest_route=\/wp\/v2\/users\/1"}],"replies":[{"embeddable":true,"href":"https:\/\/osteopata-lauriane.com\/index.php?rest_route=%2Fwp%2Fv2%2Fcomments&post=753"}],"version-history":[{"count":4,"href":"https:\/\/osteopata-lauriane.com\/index.php?rest_route=\/wp\/v2\/pages\/753\/revisions"}],"predecessor-version":[{"id":1458,"href":"https:\/\/osteopata-lauriane.com\/index.php?rest_route=\/wp\/v2\/pages\/753\/revisions\/1458"}],"wp:attachment":[{"href":"https:\/\/osteopata-lauriane.com\/index.php?rest_route=%2Fwp%2Fv2%2Fmedia&parent=753"}],"curies":[{"name":"wp","href":"https:\/\/api.w.org\/{rel}","templated":true}]}}