{"id":6,"date":"2021-04-25T16:33:23","date_gmt":"2021-04-25T16:33:23","guid":{"rendered":"https:\/\/osteopata-lauriane.com\/?page_id=6"},"modified":"2026-03-13T11:49:25","modified_gmt":"2026-03-13T11:49:25","slug":"chi-siamo","status":"publish","type":"page","link":"https:\/\/osteopata-lauriane.com\/","title":{"rendered":"Hello!  \ud83c\udf3f"},"content":{"rendered":"<div class=\"wp-block-image\">\n<figure class=\"aligncenter size-large\"><img data-recalc-dims=\"1\" loading=\"lazy\" decoding=\"async\" width=\"737\" height=\"1024\" src=\"https:\/\/i0.wp.com\/osteopata-lauriane.com\/wp-content\/uploads\/2023\/10\/Immagine-WhatsApp-2023-10-05-ore-07.31.48_882251fb.jpg?resize=737%2C1024&#038;ssl=1\" alt=\"\" class=\"wp-image-864\" srcset=\"https:\/\/i0.wp.com\/osteopata-lauriane.com\/wp-content\/uploads\/2023\/10\/Immagine-WhatsApp-2023-10-05-ore-07.31.48_882251fb.jpg?resize=737%2C1024&amp;ssl=1 737w, https:\/\/i0.wp.com\/osteopata-lauriane.com\/wp-content\/uploads\/2023\/10\/Immagine-WhatsApp-2023-10-05-ore-07.31.48_882251fb.jpg?resize=216%2C300&amp;ssl=1 216w, https:\/\/i0.wp.com\/osteopata-lauriane.com\/wp-content\/uploads\/2023\/10\/Immagine-WhatsApp-2023-10-05-ore-07.31.48_882251fb.jpg?resize=768%2C1067&amp;ssl=1 768w, https:\/\/i0.wp.com\/osteopata-lauriane.com\/wp-content\/uploads\/2023\/10\/Immagine-WhatsApp-2023-10-05-ore-07.31.48_882251fb.jpg?resize=1106%2C1536&amp;ssl=1 1106w, https:\/\/i0.wp.com\/osteopata-lauriane.com\/wp-content\/uploads\/2023\/10\/Immagine-WhatsApp-2023-10-05-ore-07.31.48_882251fb.jpg?w=1474&amp;ssl=1 1474w\" sizes=\"auto, (max-width: 737px) 100vw, 737px\" \/><\/figure>\n<\/div>\n\n<p style=\"text-align: center;\"><strong>Benvenuti a tutti sulla mia pagina<\/strong><\/p>\n<p>Mi chiamo Lauriane (pronunciato Lorian) sono Osteopata per vocazione \ud83c\udf38 e sono una persona con un Alta Sensibilit\u00e0 (<a href=\"https:\/\/www.guidapsicologi.it\/articoli\/14-caratteristiche-delle-persone-altamente-sensibili-pas\">PAS \ud83c\udf43<\/a>)<\/p>\n<p>Mi piace prendermi cura della Persona intesa come una <strong>unit\u00e0 funzionale<\/strong> da mantenere in <strong>equilibrio tra corpo-mente-spirito<\/strong>. <br \/>Per farlo mi affido alla mia esperienza di studi in osteopatia, alla mia personale ricerca spirituale e alla collaborazione con delle bellissime persone che l&#8217;Universo \u2728 mi ha fatto conoscere! <br \/>Il mio approccio dolce, aiuter\u00e0 anche le donne in dolce attesa e i\u00a0 loro piccoli a ritrovare l&#8217;armonia.\u00a0<\/p>\n<p>\u00a0 \u00a0 \u00a0 \u00a0 \u00a0 \u00a0 \u00a0 \u00a0 \u00a0 \u00a0 \u00a0 \u00a0 \u00a0 \u00a0 \u00a0 \u00a0 \u00a0 \u00a0 \u00a0 \u00a0 \u00a0 \u00a0 \u00a0 \u00a0 \u00a0\ud83c\udf3f<\/p>\n<p>Ho iniziato la formazione di osteopatia nel Settembre del 2011 presso l\u2019Istituto Superiore di Osteopatia a Milano.\u00a0<\/p>\n<p>Dal 2016 (anno del mio diploma in Osteopatia) ho continuato la ricerca dei miei talenti. Nel 2017 sono entrata nella Scuola triennale Italiana di Osteopatia Pediatrica a Firenze dove ho svolto il tirocinio presso l\u2019Azienda Ospedaliera &#8211; Universitaria Meyer (Ospedale Pediatrico): 3 anni con professionisti di alto livello, momenti di ricerca della nostra quiete attraverso lezioni di biodinamica, sostegno del campo operatorio sia in sala sia con i bimbi nelle loro stanze.<\/p>\n<p>Nel frattempo ho iniziato un percorso pi\u00f9 spirituale attraverso meditazioni, Mindfulness, Yoga; utili ad ascoltarmi ed a stare nel presente.\u00a0<\/p>\n<p>Dal 2017 al 2023 ho collaborato con lo Sporting Medical Center di Basiglio, un poliambulatorio in una realt\u00e0 sportiva multidisciplinare che mi ha permesso di trattare diverse tipologie di pazienti, dai pi\u00f9 piccoli, agli sportivi fino alle persone di terza et\u00e0.\u00a0<\/p>\n<p>Il 1\u00b0 Dicembre 2021 ho aperto il mio spazio dove esprimo me stessa al mondo, accolgo ogni persona che desidera prendersi cura della propria <strong>Salute.\u00a0<\/strong><\/p>\n<p style=\"text-align: center;\"><strong>Il mio spazio \ud83c\udf3f<\/strong><\/p>\n<p>Idealmente avrei creato il mio spazio in mezzo ad una foresta, probabilmente in Umbria o in Canada. Oggi per praticit\u00e0 ho deciso di ricreare questo santuario in uno spazio al chiuso, con l\u2019obiettivo di permettere ad ognuno di voi di sentirsi nel presente, accolti.<\/p>\n<p>Venite a scoprire le foto nella sezione &#8220;<a href=\"https:\/\/osteopata-lauriane.com\/?page_id=528\"><strong>Welcome in my World<\/strong><\/a>&#8220;<\/p>","protected":false},"excerpt":{"rendered":"<p>Benvenuti a tutti sulla mia pagina Mi chiamo Lauriane (pronunciato Lorian) sono Osteopata per vocazione \ud83c\udf38 e sono una persona con un Alta Sensibilit\u00e0 (PAS \ud83c\udf43) Mi piace prendermi cura della Persona intesa come una unit\u00e0 funzionale da mantenere in equilibrio tra corpo-mente-spirito. Per farlo mi affido alla mia esperienza di studi in osteopatia, alla&hellip; <a class=\"more-link\" href=\"https:\/\/osteopata-lauriane.com\/\">Continua a leggere <span class=\"screen-reader-text\">Hello!  \ud83c\udf3f<\/span><\/a><\/p>\n","protected":false},"author":1,"featured_media":0,"parent":0,"menu_order":0,"comment_status":"closed","ping_status":"closed","template":"","meta":{"advanced_seo_description":"","jetpack_seo_html_title":"","jetpack_seo_noindex":false,"footnotes":""},"class_list":["post-6","page","type-page","status-publish","hentry","entry"],"jetpack-related-posts":[{"id":142,"url":"https:\/\/osteopata-lauriane.com\/?page_id=142","url_meta":{"origin":6,"position":0},"title":"Osteopatia a 6 mani","author":"admin","date":"Settembre 5, 2021","format":false,"excerpt":"Dott.ssa Martina Bagnoli, Dott.ssa Valentina Giorgi e Dott.ssa Lauriane Ferraroli Cosa succede quando l\u2019Osteopatia incontra\u00a0: un altro Osteopata ? Il trattamento osteopatico \u00e8 sempre eseguito da una singola persona e la collaborazione con altre figure \u00e8 fondamentale. Ma se l\u2019osteopata collaborasse con altri osteopati, durante lo stesso trattamento? Durante la\u2026","rel":"","context":"Articolo simile","block_context":{"text":"Articolo simile","link":""},"img":{"alt_text":"","src":"https:\/\/i0.wp.com\/osteopata-lauriane.com\/wp-content\/uploads\/2022\/01\/io-e-marty-scaled.jpg?resize=350%2C200&ssl=1","width":350,"height":200,"srcset":"https:\/\/i0.wp.com\/osteopata-lauriane.com\/wp-content\/uploads\/2022\/01\/io-e-marty-scaled.jpg?resize=350%2C200&ssl=1 1x, https:\/\/i0.wp.com\/osteopata-lauriane.com\/wp-content\/uploads\/2022\/01\/io-e-marty-scaled.jpg?resize=525%2C300&ssl=1 1.5x, https:\/\/i0.wp.com\/osteopata-lauriane.com\/wp-content\/uploads\/2022\/01\/io-e-marty-scaled.jpg?resize=700%2C400&ssl=1 2x, https:\/\/i0.wp.com\/osteopata-lauriane.com\/wp-content\/uploads\/2022\/01\/io-e-marty-scaled.jpg?resize=1050%2C600&ssl=1 3x, https:\/\/i0.wp.com\/osteopata-lauriane.com\/wp-content\/uploads\/2022\/01\/io-e-marty-scaled.jpg?resize=1400%2C800&ssl=1 4x"},"classes":[]},{"id":265,"url":"https:\/\/osteopata-lauriane.com\/?page_id=265","url_meta":{"origin":6,"position":1},"title":"Chi pu\u00f2 recarsi dall&#8217; osteopata?","author":"admin","date":"Novembre 1, 2021","format":false,"excerpt":"L\u2019osteopatia per tutti: un approccio olistico alla salute L\u2019osteopatia \u00e8 rivolta a tutte le persone, indipendentemente dall\u2019et\u00e0 o dalla condizione fisica: Donne in gravidanza, Neonati, Sportivi, Persone anziane, Pazienti oncologici, Persone con disturbi neurologici. Perch\u00e9?Perch\u00e9 l\u2019osteopata non si occupa della malattia, ma sostiene la salute: la sua missione \u00e8 potenziare\u2026","rel":"","context":"Articolo simile","block_context":{"text":"Articolo simile","link":""},"img":{"alt_text":"","src":"","width":0,"height":0},"classes":[]},{"id":1245,"url":"https:\/\/osteopata-lauriane.com\/?page_id=1245","url_meta":{"origin":6,"position":2},"title":"Osteopate\u2763\ufe0f","author":"admin","date":"Marzo 13, 2026","format":false,"excerpt":"Valentina Giorgi \u00e8 un osteopata presente sul territorio di Melegnano, e dal 2022 lavoriamo a stretto contatto un Gioved\u00ec al mese, nel mio studio a Basiglio\/Mi3 per trattamenti a 4 mani, per approfondire \ud83c\udf43 Valentina \u00e8 una cara amica che ho conosciuto durante la sua pi\u00f9 grande passione: il cavallo;\u2026","rel":"","context":"Articolo simile","block_context":{"text":"Articolo simile","link":""},"img":{"alt_text":"","src":"https:\/\/i0.wp.com\/osteopata-lauriane.com\/wp-content\/uploads\/2026\/03\/Di-Tonno.jpeg?resize=350%2C200&ssl=1","width":350,"height":200,"srcset":"https:\/\/i0.wp.com\/osteopata-lauriane.com\/wp-content\/uploads\/2026\/03\/Di-Tonno.jpeg?resize=350%2C200&ssl=1 1x, https:\/\/i0.wp.com\/osteopata-lauriane.com\/wp-content\/uploads\/2026\/03\/Di-Tonno.jpeg?resize=525%2C300&ssl=1 1.5x, https:\/\/i0.wp.com\/osteopata-lauriane.com\/wp-content\/uploads\/2026\/03\/Di-Tonno.jpeg?resize=700%2C400&ssl=1 2x"},"classes":[]},{"id":91,"url":"https:\/\/osteopata-lauriane.com\/?page_id=91","url_meta":{"origin":6,"position":3},"title":"Biorisonanza","author":"admin","date":"Settembre 4, 2021","format":false,"excerpt":"Ing. Federica Servidei Cosa succede quando l\u2019Osteopata incontra\u00a0: la Biorisonanza ? Vorremmo portarvi a scoprire una nuova dinamica di lavoro, che ha l\u2019intenzione di fare PREVENZIONE, di SOSTENERE trattando l\u2019individuo nella sua interezza, con due strumenti sinergiche che agiscono sul benessere della persona a 360\u00b0. L\u2019osteopatia sblocca i canali, attraverso\u2026","rel":"","context":"Articolo simile","block_context":{"text":"Articolo simile","link":""},"img":{"alt_text":"","src":"https:\/\/i0.wp.com\/osteopata-lauriane.com\/wp-content\/uploads\/2021\/09\/Fede-Servidei.jpg?resize=350%2C200&ssl=1","width":350,"height":200},"classes":[]},{"id":1033,"url":"https:\/\/osteopata-lauriane.com\/?page_id=1033","url_meta":{"origin":6,"position":4},"title":"Meditazione Guidata \u2728","author":"admin","date":"Luglio 19, 2025","format":false,"excerpt":"Finalmente mi sono decisa a scrivere di questo bellissimo argomento (siamo a Luglio 2025): la Meditazione Guidata \u2728 Nella mia vita sono stata spesso a contatto con Guide che mi hanno permesso di esprimere quella che sono per davvero, senza veli, senza paura di essere giudicata; LIBERA di sentire, provare,\u2026","rel":"","context":"Articolo simile","block_context":{"text":"Articolo simile","link":""},"img":{"alt_text":"","src":"https:\/\/i0.wp.com\/osteopata-lauriane.com\/wp-content\/uploads\/2025\/07\/Immagine-WhatsApp-2025-07-19-ore-07.06.04_b002891b.jpg?resize=350%2C200&ssl=1","width":350,"height":200,"srcset":"https:\/\/i0.wp.com\/osteopata-lauriane.com\/wp-content\/uploads\/2025\/07\/Immagine-WhatsApp-2025-07-19-ore-07.06.04_b002891b.jpg?resize=350%2C200&ssl=1 1x, https:\/\/i0.wp.com\/osteopata-lauriane.com\/wp-content\/uploads\/2025\/07\/Immagine-WhatsApp-2025-07-19-ore-07.06.04_b002891b.jpg?resize=525%2C300&ssl=1 1.5x"},"classes":[]},{"id":268,"url":"https:\/\/osteopata-lauriane.com\/?page_id=268","url_meta":{"origin":6,"position":5},"title":"Perch\u00e9 andare dall\u2019osteopata?","author":"admin","date":"Novembre 1, 2021","format":false,"excerpt":"L\u2019osteopata: un collegamento olistico per la salute L\u2019osteopata non agisce in isolamento, ma unisce i punti di un disegno pi\u00f9 grande: quello del benessere globale della persona. Non si sostituisce ad altre professioni \u2014 mediche, terapeutiche o alternative (come l\u2019ayurveda) \u2014 le potenzia, creando una sinergia che va oltre il\u2026","rel":"","context":"Articolo simile","block_context":{"text":"Articolo simile","link":""},"img":{"alt_text":"","src":"","width":0,"height":0},"classes":[]}],"jetpack_sharing_enabled":true,"_links":{"self":[{"href":"https:\/\/osteopata-lauriane.com\/index.php?rest_route=\/wp\/v2\/pages\/6","targetHints":{"allow":["GET"]}}],"collection":[{"href":"https:\/\/osteopata-lauriane.com\/index.php?rest_route=\/wp\/v2\/pages"}],"about":[{"href":"https:\/\/osteopata-lauriane.com\/index.php?rest_route=\/wp\/v2\/types\/page"}],"author":[{"embeddable":true,"href":"https:\/\/osteopata-lauriane.com\/index.php?rest_route=\/wp\/v2\/users\/1"}],"replies":[{"embeddable":true,"href":"https:\/\/osteopata-lauriane.com\/index.php?rest_route=%2Fwp%2Fv2%2Fcomments&post=6"}],"version-history":[{"count":43,"href":"https:\/\/osteopata-lauriane.com\/index.php?rest_route=\/wp\/v2\/pages\/6\/revisions"}],"predecessor-version":[{"id":1283,"href":"https:\/\/osteopata-lauriane.com\/index.php?rest_route=\/wp\/v2\/pages\/6\/revisions\/1283"}],"wp:attachment":[{"href":"https:\/\/osteopata-lauriane.com\/index.php?rest_route=%2Fwp%2Fv2%2Fmedia&parent=6"}],"curies":[{"name":"wp","href":"https:\/\/api.w.org\/{rel}","templated":true}]}}