{"id":1245,"date":"2026-03-13T10:32:58","date_gmt":"2026-03-13T10:32:58","guid":{"rendered":"https:\/\/osteopata-lauriane.com\/?page_id=1245"},"modified":"2026-03-13T16:37:12","modified_gmt":"2026-03-13T16:37:12","slug":"osteopate","status":"publish","type":"page","link":"https:\/\/osteopata-lauriane.com\/?page_id=1245","title":{"rendered":"Osteopate\u2763\ufe0f"},"content":{"rendered":"\n<p><strong>Valentina Giorgi<\/strong> \u00e8 un osteopata presente sul territorio di Melegnano, e dal 2022 lavoriamo a stretto contatto un Gioved\u00ec al mese, nel mio studio a Basiglio\/Mi3 per trattamenti a 4 mani, <a href=\"https:\/\/osteopata-lauriane.com\/?page_id=746\">per approfondire<\/a> \ud83c\udf43 Valentina \u00e8 una cara amica che ho conosciuto durante la sua pi\u00f9 grande passione: il cavallo; \u00e8 infatti grazie a questa comune passione (che ho momentaneamente interrotto) che ho avuto il privilegio di conoscere questa splendida persona, e sono grata tutti i giorni di averla nella mia vita.<\/p>\n\n\n\n<figure class=\"wp-block-image size-large\"><img data-recalc-dims=\"1\" loading=\"lazy\" decoding=\"async\" width=\"750\" height=\"899\" src=\"https:\/\/i0.wp.com\/osteopata-lauriane.com\/wp-content\/uploads\/2026\/03\/Giorgi.jpeg?resize=750%2C899&#038;ssl=1\" alt=\"\" class=\"wp-image-1264\" srcset=\"https:\/\/i0.wp.com\/osteopata-lauriane.com\/wp-content\/uploads\/2026\/03\/Giorgi.jpeg?resize=854%2C1024&amp;ssl=1 854w, https:\/\/i0.wp.com\/osteopata-lauriane.com\/wp-content\/uploads\/2026\/03\/Giorgi.jpeg?resize=250%2C300&amp;ssl=1 250w, https:\/\/i0.wp.com\/osteopata-lauriane.com\/wp-content\/uploads\/2026\/03\/Giorgi.jpeg?resize=768%2C921&amp;ssl=1 768w, https:\/\/i0.wp.com\/osteopata-lauriane.com\/wp-content\/uploads\/2026\/03\/Giorgi.jpeg?w=1080&amp;ssl=1 1080w\" sizes=\"auto, (max-width: 750px) 100vw, 750px\" \/><\/figure>\n\n\n\n<p><strong>Rebecca Bettini<\/strong> \u00e8 un osteopata specializzata in ambito neonatologico e pediatrico. Lavora sul territorio di Locate Triulzi, e un Marted\u00ec al mese \u00e8 con me per offrire dei trattamenti Mamma e Beb\u00e8 \ud83c\udf38. <a href=\"https:\/\/osteopata-lauriane.com\/?page_id=1184\">Per approfondire<\/a> \ud83c\udf43 Rebecca \u00e8 stata una bella sorpresa, conosciuta 2 anni fa durante un corso di formazione col Dott. Mario Castagnini (per gli amici <a href=\"https:\/\/www.ibimbidimario.org\/metodo-fsc\/\">Zio Mario<\/a>), oggi frequenta spesso il mio studio e organizziamo trattamenti per il benessere di mamma e del suo neonato o bambino. <\/p>\n\n\n\n<p>Non si esclude la ripresa di <strong>trattamenti a 6 mani, Stay Tuned<\/strong> ! <\/p>\n\n\n\n<figure class=\"wp-block-image size-large\"><img data-recalc-dims=\"1\" loading=\"lazy\" decoding=\"async\" width=\"750\" height=\"750\" src=\"https:\/\/i0.wp.com\/osteopata-lauriane.com\/wp-content\/uploads\/2026\/03\/Bettini.jpeg?resize=750%2C750&#038;ssl=1\" alt=\"\" class=\"wp-image-1265\" srcset=\"https:\/\/i0.wp.com\/osteopata-lauriane.com\/wp-content\/uploads\/2026\/03\/Bettini.jpeg?resize=1024%2C1024&amp;ssl=1 1024w, https:\/\/i0.wp.com\/osteopata-lauriane.com\/wp-content\/uploads\/2026\/03\/Bettini.jpeg?resize=300%2C300&amp;ssl=1 300w, https:\/\/i0.wp.com\/osteopata-lauriane.com\/wp-content\/uploads\/2026\/03\/Bettini.jpeg?resize=150%2C150&amp;ssl=1 150w, https:\/\/i0.wp.com\/osteopata-lauriane.com\/wp-content\/uploads\/2026\/03\/Bettini.jpeg?resize=768%2C767&amp;ssl=1 768w, https:\/\/i0.wp.com\/osteopata-lauriane.com\/wp-content\/uploads\/2026\/03\/Bettini.jpeg?w=1080&amp;ssl=1 1080w\" sizes=\"auto, (max-width: 750px) 100vw, 750px\" \/><\/figure>\n\n\n\n<p><strong>Martina Bagnoli<\/strong>, l&#8217;osteopata con cui ho lavorato a Basiglio\/Mi3 \ud83d\ude0a dal 2016 al 2023. Ora vive il suo sogno a Vancouver, e se doveste viaggiare in Canada\u2708\ufe0f, ve la raccomando al 1000%! Marty \u00e8 stata la prima osteopata con cui ho immaginato, un giorno, di aprire uno studio insieme e di organizzare dei trattamenti a 4 &#8211; 6 &#8211; 8 mani! Grazie per essere una fonte di ispirazione continua !<\/p>\n\n\n\n<figure class=\"wp-block-image size-large\"><img data-recalc-dims=\"1\" loading=\"lazy\" decoding=\"async\" width=\"750\" height=\"842\" src=\"https:\/\/i0.wp.com\/osteopata-lauriane.com\/wp-content\/uploads\/2026\/03\/Bagnoli.jpeg?resize=750%2C842&#038;ssl=1\" alt=\"\" class=\"wp-image-1267\" srcset=\"https:\/\/i0.wp.com\/osteopata-lauriane.com\/wp-content\/uploads\/2026\/03\/Bagnoli.jpeg?resize=912%2C1024&amp;ssl=1 912w, https:\/\/i0.wp.com\/osteopata-lauriane.com\/wp-content\/uploads\/2026\/03\/Bagnoli.jpeg?resize=267%2C300&amp;ssl=1 267w, https:\/\/i0.wp.com\/osteopata-lauriane.com\/wp-content\/uploads\/2026\/03\/Bagnoli.jpeg?resize=768%2C863&amp;ssl=1 768w, https:\/\/i0.wp.com\/osteopata-lauriane.com\/wp-content\/uploads\/2026\/03\/Bagnoli.jpeg?w=1080&amp;ssl=1 1080w\" sizes=\"auto, (max-width: 750px) 100vw, 750px\" \/><\/figure>\n\n\n\n<p><strong>Marta Cosi<\/strong> \u00e8 un osteopata specializzata nel trattamento del pavimento pelvico e vulvudinia. La trovate a Opera nello <a href=\"https:\/\/www.spaziolotus.com\/?utm_source=ig&amp;utm_medium=social&amp;utm_content=link_in_bio&amp;fbclid=PAb21jcAQg0shleHRuA2FlbQIxMQBzcnRjBmFwcF9pZA81NjcwNjczNDMzNTI0MjcAAaf7mfOuckC6Z8M6F9LGHTVHjUvpwv9_tPge3Ax6QUgfITwrtrSyw5lvg-QCsg_aem_NPc6fdynW9BXxXnTigwQlw\">SpazioLotus<\/a> \ud83c\udf37<\/p>\n\n\n\n<figure class=\"wp-block-image size-large\"><img data-recalc-dims=\"1\" loading=\"lazy\" decoding=\"async\" width=\"750\" height=\"732\" src=\"https:\/\/i0.wp.com\/osteopata-lauriane.com\/wp-content\/uploads\/2026\/03\/Cosi-2.jpeg?resize=750%2C732&#038;ssl=1\" alt=\"\" class=\"wp-image-1272\" srcset=\"https:\/\/i0.wp.com\/osteopata-lauriane.com\/wp-content\/uploads\/2026\/03\/Cosi-2.jpeg?resize=1024%2C1000&amp;ssl=1 1024w, https:\/\/i0.wp.com\/osteopata-lauriane.com\/wp-content\/uploads\/2026\/03\/Cosi-2.jpeg?resize=300%2C293&amp;ssl=1 300w, https:\/\/i0.wp.com\/osteopata-lauriane.com\/wp-content\/uploads\/2026\/03\/Cosi-2.jpeg?resize=768%2C750&amp;ssl=1 768w, https:\/\/i0.wp.com\/osteopata-lauriane.com\/wp-content\/uploads\/2026\/03\/Cosi-2.jpeg?w=1080&amp;ssl=1 1080w\" sizes=\"auto, (max-width: 750px) 100vw, 750px\" \/><\/figure>\n\n\n\n<p><strong>Martina Di Tonno<\/strong> \u00e8 un osteopata che offre un servizio di&nbsp;<strong>osteopatia a domicilio<\/strong> sul territorio Milano Sud, per garantire il massimo comfort e permettere di ricevere il trattamento in un ambiente familiare e rilassante. <a href=\"https:\/\/osteopataperte.it\/chi-sono\">Per approfondire <\/a> \ud83c\udf43<\/p>\n\n\n\n<figure class=\"wp-block-image size-full\"><img data-recalc-dims=\"1\" loading=\"lazy\" decoding=\"async\" width=\"750\" height=\"831\" src=\"https:\/\/i0.wp.com\/osteopata-lauriane.com\/wp-content\/uploads\/2026\/03\/Di-Tonno.jpeg?resize=750%2C831&#038;ssl=1\" alt=\"\" class=\"wp-image-1273\" srcset=\"https:\/\/i0.wp.com\/osteopata-lauriane.com\/wp-content\/uploads\/2026\/03\/Di-Tonno.jpeg?w=885&amp;ssl=1 885w, https:\/\/i0.wp.com\/osteopata-lauriane.com\/wp-content\/uploads\/2026\/03\/Di-Tonno.jpeg?resize=271%2C300&amp;ssl=1 271w, https:\/\/i0.wp.com\/osteopata-lauriane.com\/wp-content\/uploads\/2026\/03\/Di-Tonno.jpeg?resize=768%2C850&amp;ssl=1 768w\" sizes=\"auto, (max-width: 750px) 100vw, 750px\" \/><\/figure>\n","protected":false},"excerpt":{"rendered":"<p>Valentina Giorgi \u00e8 un osteopata presente sul territorio di Melegnano, e dal 2022 lavoriamo a stretto contatto un Gioved\u00ec al mese, nel mio studio a Basiglio\/Mi3 per trattamenti a 4 mani, per approfondire \ud83c\udf43 Valentina \u00e8 una cara amica che ho conosciuto durante la sua pi\u00f9 grande passione: il cavallo; \u00e8 infatti grazie a questa&hellip; <a class=\"more-link\" href=\"https:\/\/osteopata-lauriane.com\/?page_id=1245\">Continua a leggere <span class=\"screen-reader-text\">Osteopate\u2763\ufe0f<\/span><\/a><\/p>\n","protected":false},"author":1,"featured_media":0,"parent":0,"menu_order":0,"comment_status":"closed","ping_status":"closed","template":"","meta":{"advanced_seo_description":"","jetpack_seo_html_title":"","jetpack_seo_noindex":false,"footnotes":""},"class_list":["post-1245","page","type-page","status-publish","hentry","entry"],"jetpack-related-posts":[{"id":376,"url":"https:\/\/osteopata-lauriane.com\/?page_id=376","url_meta":{"origin":1245,"position":0},"title":"Curriculum Vitae \ud83d\udcda","author":"admin","date":"Novembre 4, 2021","format":false,"excerpt":"ESPERIENZA LAVORATIVA: Da Dicembre 2021 presso il mio studio in Residenza Sorgente 601, 20079, Basiglio (MI). Dal 2017 al 2023 presso lo\u00a0Sporting Medical Center\u00a0a Basiglio. ISTRUZIONE E FORMAZIONE: Diploma\u00a0Osteopatia Pediatrica presso la Scuola triennale Italiana di Osteopatia Pediatrica\u00a0(SIOP), con tirocinio presso l\u2019Azienda Ospedaliera Universitaria AOU Meyer (Firenze) da Ottobre 2017\u2026","rel":"","context":"Articolo simile","block_context":{"text":"Articolo simile","link":""},"img":{"alt_text":"","src":"","width":0,"height":0},"classes":[]},{"id":142,"url":"https:\/\/osteopata-lauriane.com\/?page_id=142","url_meta":{"origin":1245,"position":1},"title":"Osteopatia a 6 mani","author":"admin","date":"Settembre 5, 2021","format":false,"excerpt":"Dott.ssa Martina Bagnoli, Dott.ssa Valentina Giorgi, Dott.ssa Bettini Rebecca e Dott.ssa Lauriane Ferraroli Cosa succede quando l\u2019Osteopatia incontra\u00a0: un altro Osteopata ? Il trattamento osteopatico \u00e8 sempre eseguito da una singola persona e la collaborazione con altre figure \u00e8 fondamentale. Ma se l\u2019osteopata collaborasse con altri osteopati, durante lo stesso\u2026","rel":"","context":"Articolo simile","block_context":{"text":"Articolo simile","link":""},"img":{"alt_text":"","src":"https:\/\/i0.wp.com\/osteopata-lauriane.com\/wp-content\/uploads\/2022\/01\/io-e-marty-scaled.jpg?resize=350%2C200&ssl=1","width":350,"height":200,"srcset":"https:\/\/i0.wp.com\/osteopata-lauriane.com\/wp-content\/uploads\/2022\/01\/io-e-marty-scaled.jpg?resize=350%2C200&ssl=1 1x, https:\/\/i0.wp.com\/osteopata-lauriane.com\/wp-content\/uploads\/2022\/01\/io-e-marty-scaled.jpg?resize=525%2C300&ssl=1 1.5x, https:\/\/i0.wp.com\/osteopata-lauriane.com\/wp-content\/uploads\/2022\/01\/io-e-marty-scaled.jpg?resize=700%2C400&ssl=1 2x, https:\/\/i0.wp.com\/osteopata-lauriane.com\/wp-content\/uploads\/2022\/01\/io-e-marty-scaled.jpg?resize=1050%2C600&ssl=1 3x, https:\/\/i0.wp.com\/osteopata-lauriane.com\/wp-content\/uploads\/2022\/01\/io-e-marty-scaled.jpg?resize=1400%2C800&ssl=1 4x"},"classes":[]},{"id":746,"url":"https:\/\/osteopata-lauriane.com\/?page_id=746","url_meta":{"origin":1245,"position":2},"title":"Gioved\u00ec Osteopatia a 4 mani","author":"admin","date":"Agosto 27, 2023","format":false,"excerpt":"Trattamenti Osteopatici a 4 Mani \u2013 Ogni Gioved\u00ec a Basiglio In collaborazione con la Dott.ssa Valentina Giorgi, osteopata di grande competenza con cui ho il piacere di lavorare dal 2021, proponiamo trattamenti osteopatici a 4 mani ogni gioved\u00ec presso il mio studio a Basiglio, in Residenza Sorgente 601. Quali sono\u2026","rel":"","context":"Articolo simile","block_context":{"text":"Articolo simile","link":""},"img":{"alt_text":"","src":"https:\/\/i0.wp.com\/osteopata-lauriane.com\/wp-content\/uploads\/2024\/09\/4-hands.jpg?resize=350%2C200&ssl=1","width":350,"height":200,"srcset":"https:\/\/i0.wp.com\/osteopata-lauriane.com\/wp-content\/uploads\/2024\/09\/4-hands.jpg?resize=350%2C200&ssl=1 1x, https:\/\/i0.wp.com\/osteopata-lauriane.com\/wp-content\/uploads\/2024\/09\/4-hands.jpg?resize=525%2C300&ssl=1 1.5x"},"classes":[]},{"id":101,"url":"https:\/\/osteopata-lauriane.com\/?page_id=101","url_meta":{"origin":1245,"position":3},"title":"Psicologa,  Psicoterapeuta &#038; Mindfulness","author":"admin","date":"Settembre 4, 2021","format":false,"excerpt":"\ud83c\udf3a Dott.ssa Martina Veglio Psicologa-psicoterapeuta lavora come libero professionista in ambito clinico. Collabora con le scuole elementari proponendo laboratori sulle emozioni e laboratori di yoga. Per passione infatti dopo la laurea in psicologia consegue un diploma come insegnante di yoga e di mindfulness. Crede profondamente che l'integrazione tra psicologia yoga\u2026","rel":"","context":"Articolo simile","block_context":{"text":"Articolo simile","link":""},"img":{"alt_text":"","src":"https:\/\/i0.wp.com\/osteopata-lauriane.com\/wp-content\/uploads\/2021\/11\/dabini.jpg?resize=350%2C200&ssl=1","width":350,"height":200,"srcset":"https:\/\/i0.wp.com\/osteopata-lauriane.com\/wp-content\/uploads\/2021\/11\/dabini.jpg?resize=350%2C200&ssl=1 1x, https:\/\/i0.wp.com\/osteopata-lauriane.com\/wp-content\/uploads\/2021\/11\/dabini.jpg?resize=525%2C300&ssl=1 1.5x"},"classes":[]},{"id":401,"url":"https:\/\/osteopata-lauriane.com\/?page_id=401","url_meta":{"origin":1245,"position":4},"title":"Osteopatia Biodinamica\ud83c\udf0a","author":"admin","date":"Novembre 7, 2021","format":false,"excerpt":"approccio cranio - sacrale L\u2019Osteopatia Biodinamica: Un Approccio Olistico all\u2019Autoguarigione Soft Touch L\u2019osteopatia biodinamica \u00e8 un approccio terapeutico ancora poco conosciuto all\u2019interno della comunit\u00e0 osteopatica. Mentre l\u2019osteopatia tradizionale si concentra principalmente sull\u2019anatomia e sulla struttura fisica dell\u2019essere umano, l\u2019osteopatia biodinamica si dedica a collaborare con la salute intrinseca del paziente,\u2026","rel":"","context":"Articolo simile","block_context":{"text":"Articolo simile","link":""},"img":{"alt_text":"","src":"https:\/\/i0.wp.com\/osteopata-lauriane.com\/wp-content\/uploads\/2021\/11\/Hannah.jpg?resize=350%2C200&ssl=1","width":350,"height":200,"srcset":"https:\/\/i0.wp.com\/osteopata-lauriane.com\/wp-content\/uploads\/2021\/11\/Hannah.jpg?resize=350%2C200&ssl=1 1x, https:\/\/i0.wp.com\/osteopata-lauriane.com\/wp-content\/uploads\/2021\/11\/Hannah.jpg?resize=525%2C300&ssl=1 1.5x"},"classes":[]},{"id":6,"url":"https:\/\/osteopata-lauriane.com\/","url_meta":{"origin":1245,"position":5},"title":"Hello!  \ud83c\udf3f","author":"admin","date":"Aprile 25, 2021","format":false,"excerpt":"Benvenuti a tutti sulla mia pagina Mi chiamo Lauriane (pronunciato Lorian) sono Osteopata per vocazione \ud83c\udf38 e sono una persona con un Alta Sensibilit\u00e0 (PAS \ud83c\udf43) Mi piace prendermi cura della Persona intesa come una unit\u00e0 funzionale da mantenere in equilibrio tra corpo-mente-spirito. Per farlo mi affido alla mia esperienza\u2026","rel":"","context":"Articolo simile","block_context":{"text":"Articolo simile","link":""},"img":{"alt_text":"","src":"https:\/\/i0.wp.com\/osteopata-lauriane.com\/wp-content\/uploads\/2023\/10\/Immagine-WhatsApp-2023-10-05-ore-07.31.48_882251fb.jpg?resize=350%2C200&ssl=1","width":350,"height":200,"srcset":"https:\/\/i0.wp.com\/osteopata-lauriane.com\/wp-content\/uploads\/2023\/10\/Immagine-WhatsApp-2023-10-05-ore-07.31.48_882251fb.jpg?resize=350%2C200&ssl=1 1x, https:\/\/i0.wp.com\/osteopata-lauriane.com\/wp-content\/uploads\/2023\/10\/Immagine-WhatsApp-2023-10-05-ore-07.31.48_882251fb.jpg?resize=525%2C300&ssl=1 1.5x, https:\/\/i0.wp.com\/osteopata-lauriane.com\/wp-content\/uploads\/2023\/10\/Immagine-WhatsApp-2023-10-05-ore-07.31.48_882251fb.jpg?resize=700%2C400&ssl=1 2x, https:\/\/i0.wp.com\/osteopata-lauriane.com\/wp-content\/uploads\/2023\/10\/Immagine-WhatsApp-2023-10-05-ore-07.31.48_882251fb.jpg?resize=1050%2C600&ssl=1 3x, https:\/\/i0.wp.com\/osteopata-lauriane.com\/wp-content\/uploads\/2023\/10\/Immagine-WhatsApp-2023-10-05-ore-07.31.48_882251fb.jpg?resize=1400%2C800&ssl=1 4x"},"classes":[]}],"jetpack_sharing_enabled":true,"_links":{"self":[{"href":"https:\/\/osteopata-lauriane.com\/index.php?rest_route=\/wp\/v2\/pages\/1245","targetHints":{"allow":["GET"]}}],"collection":[{"href":"https:\/\/osteopata-lauriane.com\/index.php?rest_route=\/wp\/v2\/pages"}],"about":[{"href":"https:\/\/osteopata-lauriane.com\/index.php?rest_route=\/wp\/v2\/types\/page"}],"author":[{"embeddable":true,"href":"https:\/\/osteopata-lauriane.com\/index.php?rest_route=\/wp\/v2\/users\/1"}],"replies":[{"embeddable":true,"href":"https:\/\/osteopata-lauriane.com\/index.php?rest_route=%2Fwp%2Fv2%2Fcomments&post=1245"}],"version-history":[{"count":12,"href":"https:\/\/osteopata-lauriane.com\/index.php?rest_route=\/wp\/v2\/pages\/1245\/revisions"}],"predecessor-version":[{"id":1307,"href":"https:\/\/osteopata-lauriane.com\/index.php?rest_route=\/wp\/v2\/pages\/1245\/revisions\/1307"}],"wp:attachment":[{"href":"https:\/\/osteopata-lauriane.com\/index.php?rest_route=%2Fwp%2Fv2%2Fmedia&parent=1245"}],"curies":[{"name":"wp","href":"https:\/\/api.w.org\/{rel}","templated":true}]}}