{"id":101,"date":"2021-09-04T15:54:00","date_gmt":"2021-09-04T15:54:00","guid":{"rendered":"https:\/\/osteopata-lauriane.com\/?page_id=101"},"modified":"2023-10-04T08:21:25","modified_gmt":"2023-10-04T08:21:25","slug":"psicologia","status":"publish","type":"page","link":"https:\/\/osteopata-lauriane.com\/?page_id=101","title":{"rendered":"Psicologa,  Psicoterapeuta &#038; Mindfulness"},"content":{"rendered":"\n<p>\ud83c\udf3a <strong>Dott.ssa Martina Veglio<\/strong><\/p>\n\n\n<div class=\"wp-block-image\">\n<figure class=\"aligncenter size-large is-resized\"><img data-recalc-dims=\"1\" loading=\"lazy\" decoding=\"async\" src=\"https:\/\/i0.wp.com\/osteopata-lauriane.com\/wp-content\/uploads\/2022\/01\/gjsro.jpg?resize=474%2C687&#038;ssl=1\" alt=\"\" class=\"wp-image-484\" style=\"width:474px;height:687px\" width=\"474\" height=\"687\" srcset=\"https:\/\/i0.wp.com\/osteopata-lauriane.com\/wp-content\/uploads\/2022\/01\/gjsro.jpg?resize=706%2C1024&amp;ssl=1 706w, https:\/\/i0.wp.com\/osteopata-lauriane.com\/wp-content\/uploads\/2022\/01\/gjsro.jpg?resize=207%2C300&amp;ssl=1 207w, https:\/\/i0.wp.com\/osteopata-lauriane.com\/wp-content\/uploads\/2022\/01\/gjsro.jpg?resize=768%2C1114&amp;ssl=1 768w, https:\/\/i0.wp.com\/osteopata-lauriane.com\/wp-content\/uploads\/2022\/01\/gjsro.jpg?w=1058&amp;ssl=1 1058w\" sizes=\"auto, (max-width: 474px) 100vw, 474px\" \/><\/figure>\n<\/div>\n\n\n<p><\/p>\n\n\n\n<p>Psicologa-psicoterapeuta lavora come libero professionista in ambito clinico. Collabora con le scuole elementari proponendo laboratori sulle emozioni e laboratori di yoga. Per passione infatti dopo la laurea in psicologia consegue un diploma come insegnante di yoga e di mindfulness. Crede profondamente che l&#8217;integrazione tra psicologia yoga e mindfulness possano essere uno strumento di crescita personale prezioso, cos\u00ec come \u00e8 stato ed \u00e8 tuttora per lei stessa (il percorso di consapevolezza non finisce mai e si considera la prima a dover crescere e imparare ancora molto).<\/p>\n\n\n\n<p>Considera inoltre un arricchimento per se stessa e per i propri&nbsp; pazienti lavorare in parallelo a livello corporeo e intellettivo per questa ragione ama condividere e collaborare con diverse professionalit\u00e0 affini e il cui fine sia il benessere della persona a 360 gradi.<\/p>\n\n\n\n<p>Contatti:<\/p>\n\n\n\n<p>\u260e +39 3757062801<\/p>\n\n\n\n<p class=\"has-text-align-left\">\ud83d\udccdTrovate la dott.ssa Martina Veglio solo su appuntamento \ud83d\ude0a <\/p>\n\n\n\n<p><\/p>\n\n\n\n<p>\ud83c\udf3a <strong>Dott.ssa Laura Dabini<\/strong> <\/p>\n\n\n<div class=\"wp-block-image\">\n<figure class=\"aligncenter size-full\"><img data-recalc-dims=\"1\" loading=\"lazy\" decoding=\"async\" width=\"670\" height=\"837\" src=\"https:\/\/i0.wp.com\/osteopata-lauriane.com\/wp-content\/uploads\/2021\/11\/dabini.jpg?resize=670%2C837&#038;ssl=1\" alt=\"\" class=\"wp-image-308\" srcset=\"https:\/\/i0.wp.com\/osteopata-lauriane.com\/wp-content\/uploads\/2021\/11\/dabini.jpg?w=670&amp;ssl=1 670w, https:\/\/i0.wp.com\/osteopata-lauriane.com\/wp-content\/uploads\/2021\/11\/dabini.jpg?resize=240%2C300&amp;ssl=1 240w\" sizes=\"auto, (max-width: 670px) 100vw, 670px\" \/><\/figure>\n<\/div>\n\n\n<p><\/p>\n\n\n\n<p><strong>Studio di psicologia<\/strong>&nbsp;Dr.ssa Laura Dabini,&nbsp;<strong>psicologa<\/strong>&nbsp;laureata in&nbsp;<em>psicologia dello sviluppo<\/em>&nbsp;e della comunicazione, iscritta all\u2019Ordine degli&nbsp;<em>Psicologi<\/em>&nbsp;della Lombardia ed allieva della scuola di&nbsp;<strong><em>psicoterapia<\/em><\/strong>&nbsp;analitico-transazionale.<\/p>\n\n\n\n<p>Lo&nbsp;studio di psicologia&nbsp;a<a href=\"https:\/\/www.google.com\/maps\/place\/Via+Giardino,+7,+20085+Locate+di+Triulzi+MI\/@45.3573585,9.2208017,17z\/data=!3m1!4b1!4m5!3m4!1s0x4786da94472177dd:0xc6fe6d9b7af82f28!8m2!3d45.3573548!4d9.2229904?hl=en\">&nbsp;<strong>Locate di Triulzi<\/strong><\/a>&nbsp;e si rivolge anche ai paesi limitrofi, oltre ad offrire&nbsp;<strong>consulenza psicologica<\/strong>&nbsp;su Milano e particolarmente servizi di&nbsp;<strong>consulenza psicologica<\/strong>&nbsp;su&nbsp;Milano Sud&nbsp;con lo&nbsp;<strong>psicologo Laura Dabini.&nbsp;<\/strong><\/p>\n\n\n\n<p><em>Lo studio di psicologia<\/em>&nbsp;si trova nella zona centrale di&nbsp;<strong>Locate Triulzi<\/strong>, facilmente raggiungibile da&nbsp;<strong>Opera<\/strong>,&nbsp;<strong>Pieve Emanuele<\/strong>,&nbsp;<strong><em>Fizzonasco, Quinto Stampi, Basiglio, Rozzano, Assago, Lacchiarella, Siziano, Landriano, Melegnano, San Giuliano Milanese, San Donato Milanese.<\/em><\/strong><\/p>\n\n\n\n<p>Se cerchi uno&nbsp;<strong>psicologo a Milano sud<\/strong>&nbsp;e zone limitrofe; puoi contattarmi per un incontro nello studio di&nbsp;<strong>psicologia di Locate Triulzi&nbsp;<\/strong>per una&nbsp;<strong>consulenza psicologica&nbsp;<\/strong>o per fissare un appuntamento con lo psicologo.<br>Psicologo Milano, Psicologo Milano sud, Psicologo vicino Milano,&nbsp;Psicologo Milano su appuntamento.&nbsp;<strong>Lo studio di psicologia a Locate<\/strong>&nbsp;offre consulenza per vari tipi di disturbi psicologici: depressione, disturbi dell&#8217;umore, disturbi del comportamento alimentare, elaborazione del lutto, disturbi d&#8217;ansia, attacchi di panico, malattie croniche.<\/p>\n\n\n\n<p>\u260e +39 3491716400<\/p>\n\n\n\n<p>\ud83d\udef0 <a href=\"https:\/\/www.lauradabini.it\/index.php\">www.lauradabini.it<\/a><\/p>\n\n\n\n<p class=\"has-text-align-left\">\ud83d\udccd Trovate la Dott.ssa Laura Dabini presso il suo studio in via  <a href=\"https:\/\/www.google.com\/maps\/place\/Via+Giardino,+7,+20085+Locate+di+Triulzi+MI\/@45.3573585,9.2208017,17z\/data=!3m1!4b1!4m5!3m4!1s0x4786da94472177dd:0xc6fe6d9b7af82f28!8m2!3d45.3573548!4d9.2229904?hl=en\">Giardino 7, 20085 Locate Triulzi, Lombardia<\/a>. <\/p>\n\n\n\n<p><\/p>\n\n\n\n<p><\/p>\n","protected":false},"excerpt":{"rendered":"<p>\ud83c\udf3a Dott.ssa Martina Veglio Psicologa-psicoterapeuta lavora come libero professionista in ambito clinico. Collabora con le scuole elementari proponendo laboratori sulle emozioni e laboratori di yoga. Per passione infatti dopo la laurea in psicologia consegue un diploma come insegnante di yoga e di mindfulness. Crede profondamente che l&#8217;integrazione tra psicologia yoga e mindfulness possano essere uno&hellip; <a class=\"more-link\" href=\"https:\/\/osteopata-lauriane.com\/?page_id=101\">Continua a leggere <span class=\"screen-reader-text\">Psicologa,  Psicoterapeuta &#038; Mindfulness<\/span><\/a><\/p>\n","protected":false},"author":1,"featured_media":0,"parent":88,"menu_order":0,"comment_status":"closed","ping_status":"closed","template":"","meta":{"advanced_seo_description":"","jetpack_seo_html_title":"","jetpack_seo_noindex":false,"footnotes":""},"class_list":["post-101","page","type-page","status-publish","hentry","entry"],"jetpack-related-posts":[{"id":6,"url":"https:\/\/osteopata-lauriane.com\/","url_meta":{"origin":101,"position":0},"title":"Hello!  \ud83c\udf3f","author":"admin","date":"Aprile 25, 2021","format":false,"excerpt":"Benvenuti a tutti sulla mia pagina Mi chiamo Lauriane (pronunciato Lorian) sono Osteopata per vocazione \ud83c\udf38 e sono una persona con un Alta Sensibilit\u00e0 (PAS \ud83c\udf43) Mi piace prendermi cura della Persona intesa come una unit\u00e0 funzionale da mantenere in equilibrio tra corpo-mente-spirito. Per farlo mi affido alla mia esperienza\u2026","rel":"","context":"Articolo simile","block_context":{"text":"Articolo simile","link":""},"img":{"alt_text":"","src":"https:\/\/i0.wp.com\/osteopata-lauriane.com\/wp-content\/uploads\/2023\/10\/Immagine-WhatsApp-2023-10-05-ore-07.31.48_882251fb.jpg?resize=350%2C200&ssl=1","width":350,"height":200,"srcset":"https:\/\/i0.wp.com\/osteopata-lauriane.com\/wp-content\/uploads\/2023\/10\/Immagine-WhatsApp-2023-10-05-ore-07.31.48_882251fb.jpg?resize=350%2C200&ssl=1 1x, https:\/\/i0.wp.com\/osteopata-lauriane.com\/wp-content\/uploads\/2023\/10\/Immagine-WhatsApp-2023-10-05-ore-07.31.48_882251fb.jpg?resize=525%2C300&ssl=1 1.5x, https:\/\/i0.wp.com\/osteopata-lauriane.com\/wp-content\/uploads\/2023\/10\/Immagine-WhatsApp-2023-10-05-ore-07.31.48_882251fb.jpg?resize=700%2C400&ssl=1 2x, https:\/\/i0.wp.com\/osteopata-lauriane.com\/wp-content\/uploads\/2023\/10\/Immagine-WhatsApp-2023-10-05-ore-07.31.48_882251fb.jpg?resize=1050%2C600&ssl=1 3x, https:\/\/i0.wp.com\/osteopata-lauriane.com\/wp-content\/uploads\/2023\/10\/Immagine-WhatsApp-2023-10-05-ore-07.31.48_882251fb.jpg?resize=1400%2C800&ssl=1 4x"},"classes":[]},{"id":268,"url":"https:\/\/osteopata-lauriane.com\/?page_id=268","url_meta":{"origin":101,"position":1},"title":"Perch\u00e9 andare dall\u2019osteopata?","author":"admin","date":"Novembre 1, 2021","format":false,"excerpt":"L\u2019osteopata: un collegamento olistico per la salute L\u2019osteopata non agisce in isolamento, ma unisce i punti di un disegno pi\u00f9 grande: quello del benessere globale della persona. Non si sostituisce ad altre professioni \u2014 mediche, terapeutiche o alternative (come l\u2019ayurveda) \u2014 le potenzia, creando una sinergia che va oltre il\u2026","rel":"","context":"Articolo simile","block_context":{"text":"Articolo simile","link":""},"img":{"alt_text":"","src":"","width":0,"height":0},"classes":[]},{"id":753,"url":"https:\/\/osteopata-lauriane.com\/?page_id=753","url_meta":{"origin":101,"position":2},"title":"Venerd\u00ec con Osteo &amp; Psy","author":"admin","date":"Agosto 27, 2023","format":false,"excerpt":"Vi presento Osteo-Psy un nuovo spazio dedicato a voi \ud83e\udef6\ud83c\udffc\ud83e\udeb7 Durante la seduta di osteopatia, una psicoterapeuta vi Ascolter\u00e0 e vi Guider\u00e0 verso il rilascio di tensioni che impediscono al vostro corpo di stare meglio. Nel frattempo mi prender\u00f2 cura di voi con un approccio dolce e delicato. Si agir\u00e0\u2026","rel":"","context":"Articolo simile","block_context":{"text":"Articolo simile","link":""},"img":{"alt_text":"","src":"https:\/\/i0.wp.com\/osteopata-lauriane.com\/wp-content\/uploads\/2023\/08\/Osteo-Psy.jpg?resize=350%2C200&ssl=1","width":350,"height":200,"srcset":"https:\/\/i0.wp.com\/osteopata-lauriane.com\/wp-content\/uploads\/2023\/08\/Osteo-Psy.jpg?resize=350%2C200&ssl=1 1x, https:\/\/i0.wp.com\/osteopata-lauriane.com\/wp-content\/uploads\/2023\/08\/Osteo-Psy.jpg?resize=525%2C300&ssl=1 1.5x, https:\/\/i0.wp.com\/osteopata-lauriane.com\/wp-content\/uploads\/2023\/08\/Osteo-Psy.jpg?resize=700%2C400&ssl=1 2x"},"classes":[]},{"id":803,"url":"https:\/\/osteopata-lauriane.com\/?page_id=803","url_meta":{"origin":101,"position":3},"title":"Yoga with Clau \ud83c\udf37","author":"admin","date":"Settembre 24, 2023","format":false,"excerpt":"Claudia \u00e8 un insegnante di Yoga e pratica a Milano 3 e Basiglio. Insegna in modo accessibile e divertente movimenti fisici, tecniche di respirazione, meditazione e rilassamento per un corpo sano, mente chiara e anima cosciente. ALKEMY YOGAUna pratica trasformativa che combina mantra, respiro e movimento. Perfetta se senti il\u2026","rel":"","context":"Articolo simile","block_context":{"text":"Articolo simile","link":""},"img":{"alt_text":"","src":"https:\/\/i0.wp.com\/osteopata-lauriane.com\/wp-content\/uploads\/2023\/09\/Immagine-WhatsApp-2023-09-24-ore-09.13.19.jpg?resize=350%2C200&ssl=1","width":350,"height":200,"srcset":"https:\/\/i0.wp.com\/osteopata-lauriane.com\/wp-content\/uploads\/2023\/09\/Immagine-WhatsApp-2023-09-24-ore-09.13.19.jpg?resize=350%2C200&ssl=1 1x, https:\/\/i0.wp.com\/osteopata-lauriane.com\/wp-content\/uploads\/2023\/09\/Immagine-WhatsApp-2023-09-24-ore-09.13.19.jpg?resize=525%2C300&ssl=1 1.5x, https:\/\/i0.wp.com\/osteopata-lauriane.com\/wp-content\/uploads\/2023\/09\/Immagine-WhatsApp-2023-09-24-ore-09.13.19.jpg?resize=700%2C400&ssl=1 2x, https:\/\/i0.wp.com\/osteopata-lauriane.com\/wp-content\/uploads\/2023\/09\/Immagine-WhatsApp-2023-09-24-ore-09.13.19.jpg?resize=1050%2C600&ssl=1 3x"},"classes":[]},{"id":329,"url":"https:\/\/osteopata-lauriane.com\/?page_id=329","url_meta":{"origin":101,"position":4},"title":"Qualche curiosit\u00e0 sulla lingua, sulla deglutizione e sul russamento &#038; Esercizi","author":"admin","date":"Novembre 1, 2021","format":false,"excerpt":"In campo medico si d\u00e0 molta importanza al monitoraggio di un piccolo organo, ma molto importante: la LINGUA. Si osserva il suo colore, la sua forma, la secchezza, il gonfiore. Il medico o lo specialista, in seguito, pu\u00f2 decidere di approfondire con esami specifici in base a cosa \u201cvede e\u2026","rel":"","context":"Articolo simile","block_context":{"text":"Articolo simile","link":""},"img":{"alt_text":"","src":"https:\/\/i0.wp.com\/osteopata-lauriane.com\/wp-content\/uploads\/2021\/11\/image-11.png?resize=350%2C200&ssl=1","width":350,"height":200,"srcset":"https:\/\/i0.wp.com\/osteopata-lauriane.com\/wp-content\/uploads\/2021\/11\/image-11.png?resize=350%2C200&ssl=1 1x, https:\/\/i0.wp.com\/osteopata-lauriane.com\/wp-content\/uploads\/2021\/11\/image-11.png?resize=525%2C300&ssl=1 1.5x"},"classes":[]}],"jetpack_sharing_enabled":true,"_links":{"self":[{"href":"https:\/\/osteopata-lauriane.com\/index.php?rest_route=\/wp\/v2\/pages\/101","targetHints":{"allow":["GET"]}}],"collection":[{"href":"https:\/\/osteopata-lauriane.com\/index.php?rest_route=\/wp\/v2\/pages"}],"about":[{"href":"https:\/\/osteopata-lauriane.com\/index.php?rest_route=\/wp\/v2\/types\/page"}],"author":[{"embeddable":true,"href":"https:\/\/osteopata-lauriane.com\/index.php?rest_route=\/wp\/v2\/users\/1"}],"replies":[{"embeddable":true,"href":"https:\/\/osteopata-lauriane.com\/index.php?rest_route=%2Fwp%2Fv2%2Fcomments&post=101"}],"version-history":[{"count":21,"href":"https:\/\/osteopata-lauriane.com\/index.php?rest_route=\/wp\/v2\/pages\/101\/revisions"}],"predecessor-version":[{"id":844,"href":"https:\/\/osteopata-lauriane.com\/index.php?rest_route=\/wp\/v2\/pages\/101\/revisions\/844"}],"up":[{"embeddable":true,"href":"https:\/\/osteopata-lauriane.com\/index.php?rest_route=\/wp\/v2\/pages\/88"}],"wp:attachment":[{"href":"https:\/\/osteopata-lauriane.com\/index.php?rest_route=%2Fwp%2Fv2%2Fmedia&parent=101"}],"curies":[{"name":"wp","href":"https:\/\/api.w.org\/{rel}","templated":true}]}}